{"id":1054,"date":"2019-01-24T11:22:01","date_gmt":"2019-01-24T11:22:01","guid":{"rendered":"https:\/\/turboideal.si\/?page_id=1054"},"modified":"2025-01-12T21:16:47","modified_gmt":"2025-01-12T21:16:47","slug":"profesionalno-ciscenje-dpf-fap-filtera-i-katalizatora","status":"publish","type":"page","link":"https:\/\/turboideal.si\/sr\/profesionalno-ciscenje-dpf-fap-filtera-i-katalizatora\/","title":{"rendered":"Profesionalno \u010di\u0161\u0107enje DPF, FAP filtera i katalizatora"},"content":{"rendered":"\n<div class=\"wp-block-uagb-container uagb-block-uldl3gcm alignfull uagb-is-root-container\"><div class=\"uagb-container-inner-blocks-wrap\">\n<div class=\"wp-block-uagb-info-box uagb-block-ipdp4xzm uagb-infobox__content-wrap  uagb-infobox-icon-above-title uagb-infobox-image-valign-top\"><div class=\"uagb-ifb-content\"><div class=\"uagb-ifb-title-wrap\"><h1 class=\"uagb-ifb-title\">Profesionalno \u010di\u0161\u0107enje DPF, FAP filtera i katalizatora<\/h1><\/div><\/div><\/div>\n<\/div><\/div>\n\n\n\n<p><\/p>\n\n\n\n<h3 class=\"wp-block-heading\">Zna\u010denje skra\u0107enica:<\/h3>\n\n\n\n<p>English: Diesel Particulate Filter (DPF)<\/p>\n\n\n\n<p>Fran\u00e7ais : Filtre \u00e0 particules (FAP) de Peugeot Citro\u00ebn (PSA)<\/p>\n\n\n\n<h3 class=\"wp-block-heading\">Najbolje re\u0161enje za Va\u0161e vozilo<\/h3>\n\n\n\n<ul class=\"wp-block-list\">\n<li>Regeneracija filtera za putni\u010dki i teretni program svih modela Euro 4,5 i 6 norme<\/li>\n\n\n\n<li>Do 80% u\u0161tede u odnosu na nov deo<\/li>\n\n\n\n<li>Iste performanse kao kod novog dela<\/li>\n\n\n\n<li>Sertifikovani rezultat \u010di\u0161\u0107enja kao i merenje po\u010detnog stanja zaprljanosti na samom filteru<\/li>\n\n\n\n<li>Za razliku od svih dosada\u0161njih metoda ovaj postupak je u potpunosti siguran i nema nikakvih dodatnih otvaranja ili se\u010denja DPF-FAP filtera<\/li>\n\n\n\n<li>Ovaj proces ne uti\u010de na fabri\u010dke garancije proizvodja\u010da vozila<\/li>\n<\/ul>\n\n\n\n<div class=\"wp-block-uagb-container uagb-block-f6078df0 alignfull uagb-is-root-container\"><div class=\"uagb-container-inner-blocks-wrap\">\n<div class=\"wp-block-uagb-container uagb-block-357a0f7f\">\n<figure class=\"wp-block-image alignleft\"><img loading=\"lazy\" decoding=\"async\" width=\"1194\" height=\"625\" src=\"https:\/\/turboideal.si\/sr\/wp-content\/uploads\/2019\/01\/dpf1-Copy.jpg\" alt=\"\" class=\"wp-image-130\" srcset=\"https:\/\/turboideal.si\/wp-content\/uploads\/2019\/01\/dpf1-Copy.jpg 1194w, https:\/\/turboideal.si\/wp-content\/uploads\/2019\/01\/dpf1-Copy-300x157.jpg 300w, https:\/\/turboideal.si\/wp-content\/uploads\/2019\/01\/dpf1-Copy-768x402.jpg 768w, https:\/\/turboideal.si\/wp-content\/uploads\/2019\/01\/dpf1-Copy-1024x536.jpg 1024w\" sizes=\"auto, (max-width: 1194px) 100vw, 1194px\" \/><\/figure>\n<\/div>\n\n\n\n<div class=\"wp-block-uagb-container uagb-block-28c7f675\"><\/div>\n<\/div><\/div>\n\n\n\n<h3 class=\"wp-block-heading\">Regeneracija filtera<\/h3>\n\n\n\n<p>Sve stro\u017eiji propisi u oblasti emisije gasova u atmosferu doveli su do razvoja kompleksnijih sistema na polju pre\u010di\u0161\u0107avanja izduvnih gasova kod vozila. Da bi se postigle norme koje su sve zahtevnije i danas se konstantno radi na projektovanju i proizvodnji sve slo\u017eenijih sistema za pre\u010di\u0161\u0107avanje izduvnih gasova na motornim vozilima. Proizvo\u0111a\u010di opreme za \u010di\u017e\u0107enje i regeneraciju DPF-FAP filtera i katalizatora su prihvatili izazov i oslanjanju\u0107i se na znanje ste\u010deno dugogodi\u0161njim iskustvom, razvili su potpuno nov sistem potpune regeneracije DPF \u2013 FAP filtera i katalizatora.<\/p>\n\n\n\n<p>\u010ci\u0161\u0107enje se obavlja bez invanzivnih operacija (poput temperaturnog \u0161oka, se\u010denja, zavarivanja) \u0161to osigurava da fizi\u010dko-hemijska svojstva filtera ostanu nepromenjena. Tehnologija omogu\u0107ava maksimalnu efikasnost i kod ponovljenih procesa, pri \u010demu filter zadr\u017eava originalna svojstva i nastavlja da radi kao nov.<\/p>\n\n\n\n<p>Posedujemo najnoviju opremu za pranje i \u010di\u0161\u0107enje DPF I FAP filtera putni\u010dkog i teretnog programa, s&nbsp;obzirom da se u ovoj proceduri filter ne otvara i ne se\u010de, sama procedura nema uticaj na va\u017eenje garancije.&nbsp;Oprema radi na principu pulsnih talasa u kombinaciji vode i hemije pod pritiskom. 100% ekolo\u0161ki prihvatljivo \u010di\u0161\u0107enje.&nbsp;\u010ci\u0161\u0107enje na na\u0161oj opremi je efikasnije od svih drugih hemijskih postupaka posle kojih se zaprljanost vra\u0107a vrlo brzo.<\/p>\n\n\n\n<figure class=\"wp-block-image\"><img decoding=\"async\" src=\"https:\/\/turboideal.si\/sr\/wp-content\/uploads\/2019\/10\/2.jpg\" alt=\"\" class=\"wp-image-161\"\/><\/figure>\n\n\n\n<h3 class=\"wp-block-heading\">Koraci u \u010di\u0161\u0107enju i regenarciji va\u0161eg DPF-FAP filtera i katalizatora:<\/h3>\n\n\n\n<ul class=\"wp-block-list\">\n<li>Vizuelna inspekcija i snimanje unutra\u0161njosti filtera<\/li>\n\n\n\n<li>Test zaprljanosti sa \u0161tampom rezultata<\/li>\n\n\n\n<li>\u010ci\u0161\u0107enje, regeneracija DPF-FAP filtera i katalizatora<\/li>\n\n\n\n<li>Su\u0161enje<\/li>\n\n\n\n<li>Test \u010disto\u0107e filtera sa \u0161tampom rezultata<\/li>\n\n\n\n<li>Pakovanje i otprema<\/li>\n<\/ul>\n\n\n\n<h3 class=\"wp-block-heading\">Posledice trajnog uklanjanja filtera ili nestru\u010dnog \u010di\u0161\u0107enja<\/h3>\n\n\n\n<p>Da li trajno odstraniti DPF filter?<br>Uskoro se o\u010dekuje primena novog zakona o za\u0161titi \u017eivotne sredine koji onemogu\u0107ava registraciju vozila sa uklonjenim DPF-om.<br>\u010ci\u0161\u0107enje DPF-Diesel Partikularnog Filtera predstavlja manji tro\u0161ak od uklanjanja filtera i softverskog ga\u0161enja.<br>Vozila bez DPF filtera zaga\u0111uju okolinu u kojoj se nalaze<br>Na samom DPF-u i oko njega se nalazi mno\u0161tvo sondi koje se posle fizi\u010dkog uklanjanja potrebno softverski ugasiti da ne \u010ditaju podatke. I ako postoji mnogo firmi koje se bave ga\u0161enjem DPF-FAP filtera veoma je mali broj firmi koji ovaj posao mo\u017ee uraditi kvalitetno i bez posledica po motor.<br>Iskustva iz predja\u0161njih godina govore da su mnoga vozila na kojima je radjeno softversko uklanjanje DPF-FAP filtera pretrpela izuzetno velika o\u0161te\u010denja za \u010dije popravke je trebalo platiti ne retko i vi\u0161e hiljada eura.<br>Bez DPF filtera Va\u0161e vozilo gubi Euro normu i nije ga mogu\u0107e voziti u ve\u0107ini Evropskih zemalja.<\/p>\n\n\n\n<h3 class=\"wp-block-heading\">Nestru\u010dno ga\u0161enje dpf-a mo\u017ee izazvati slede\u0107e posledice<\/h3>\n\n\n\n<ul class=\"wp-block-list\">\n<li>Kvar turbokompresora kao i samog motora na vozilu<\/li>\n\n\n\n<li>Turbo rupu \u2013 ka\u0161njenje u isporuci snage motora na manjim brojevima obrtaja motora<\/li>\n\n\n\n<li>Ukupno smanjenje snage motora<\/li>\n\n\n\n<li>Visoku temperaturu izduvnih gasova<\/li>\n\n\n\n<li>Pove\u0107anje toksi\u010dnosti gasova<\/li>\n\n\n\n<li>Smanjenje dugotrajnosti motora<\/li>\n<\/ul>\n","protected":false},"excerpt":{"rendered":"<p>Zna\u010denje skra\u0107enica: English: Diesel Particulate Filter (DPF) Fran\u00e7ais : Filtre \u00e0 particules (FAP) de Peugeot Citro\u00ebn (PSA) Najbolje re\u0161enje za Va\u0161e vozilo Regeneracija filtera Sve stro\u017eiji propisi u oblasti emisije gasova u atmosferu doveli su do razvoja kompleksnijih sistema na polju pre\u010di\u0161\u0107avanja izduvnih gasova kod vozila. Da bi se postigle norme koje su sve zahtevnije [&hellip;]<\/p>\n","protected":false},"author":1,"featured_media":0,"parent":0,"menu_order":0,"comment_status":"closed","ping_status":"closed","template":"","meta":{"_siteseo_robots_primary_cat":"","_uag_custom_page_level_css":"","site-sidebar-layout":"default","site-content-layout":"","ast-site-content-layout":"default","site-content-style":"default","site-sidebar-style":"default","ast-global-header-display":"","ast-banner-title-visibility":"","ast-main-header-display":"","ast-hfb-above-header-display":"","ast-hfb-below-header-display":"","ast-hfb-mobile-header-display":"","site-post-title":"","ast-breadcrumbs-content":"","ast-featured-img":"","footer-sml-layout":"","theme-transparent-header-meta":"","adv-header-id-meta":"","stick-header-meta":"","header-above-stick-meta":"","header-main-stick-meta":"","header-below-stick-meta":"","astra-migrate-meta-layouts":"set","ast-page-background-enabled":"default","ast-page-background-meta":{"desktop":{"background-color":"var(--ast-global-color-4)","background-image":"","background-repeat":"repeat","background-position":"center center","background-size":"auto","background-attachment":"scroll","background-type":"","background-media":"","overlay-type":"","overlay-color":"","overlay-opacity":"","overlay-gradient":""},"tablet":{"background-color":"","background-image":"","background-repeat":"repeat","background-position":"center center","background-size":"auto","background-attachment":"scroll","background-type":"","background-media":"","overlay-type":"","overlay-color":"","overlay-opacity":"","overlay-gradient":""},"mobile":{"background-color":"","background-image":"","background-repeat":"repeat","background-position":"center center","background-size":"auto","background-attachment":"scroll","background-type":"","background-media":"","overlay-type":"","overlay-color":"","overlay-opacity":"","overlay-gradient":""}},"ast-content-background-meta":{"desktop":{"background-color":"var(--ast-global-color-5)","background-image":"","background-repeat":"repeat","background-position":"center center","background-size":"auto","background-attachment":"scroll","background-type":"","background-media":"","overlay-type":"","overlay-color":"","overlay-opacity":"","overlay-gradient":""},"tablet":{"background-color":"var(--ast-global-color-5)","background-image":"","background-repeat":"repeat","background-position":"center center","background-size":"auto","background-attachment":"scroll","background-type":"","background-media":"","overlay-type":"","overlay-color":"","overlay-opacity":"","overlay-gradient":""},"mobile":{"background-color":"var(--ast-global-color-5)","background-image":"","background-repeat":"repeat","background-position":"center center","background-size":"auto","background-attachment":"scroll","background-type":"","background-media":"","overlay-type":"","overlay-color":"","overlay-opacity":"","overlay-gradient":""}},"footnotes":""},"class_list":["post-1054","page","type-page","status-publish","hentry"],"uagb_featured_image_src":{"full":false,"thumbnail":false,"medium":false,"medium_large":false,"large":false,"1536x1536":false,"2048x2048":false},"uagb_author_info":{"display_name":"j.bojan","author_link":"https:\/\/turboideal.si\/sr\/author\/j-bojan\/"},"uagb_comment_info":0,"uagb_excerpt":"Zna\u010denje skra\u0107enica: English: Diesel Particulate Filter (DPF) Fran\u00e7ais : Filtre \u00e0 particules (FAP) de Peugeot Citro\u00ebn (PSA) Najbolje re\u0161enje za Va\u0161e vozilo Regeneracija filtera Sve stro\u017eiji propisi u oblasti emisije gasova u atmosferu doveli su do razvoja kompleksnijih sistema na polju pre\u010di\u0161\u0107avanja izduvnih gasova kod vozila. Da bi se postigle norme koje su sve zahtevnije&hellip;","_links":{"self":[{"href":"https:\/\/turboideal.si\/sr\/wp-json\/wp\/v2\/pages\/1054","targetHints":{"allow":["GET"]}}],"collection":[{"href":"https:\/\/turboideal.si\/sr\/wp-json\/wp\/v2\/pages"}],"about":[{"href":"https:\/\/turboideal.si\/sr\/wp-json\/wp\/v2\/types\/page"}],"author":[{"embeddable":true,"href":"https:\/\/turboideal.si\/sr\/wp-json\/wp\/v2\/users\/1"}],"replies":[{"embeddable":true,"href":"https:\/\/turboideal.si\/sr\/wp-json\/wp\/v2\/comments?post=1054"}],"version-history":[{"count":1,"href":"https:\/\/turboideal.si\/sr\/wp-json\/wp\/v2\/pages\/1054\/revisions"}],"predecessor-version":[{"id":1055,"href":"https:\/\/turboideal.si\/sr\/wp-json\/wp\/v2\/pages\/1054\/revisions\/1055"}],"wp:attachment":[{"href":"https:\/\/turboideal.si\/sr\/wp-json\/wp\/v2\/media?parent=1054"}],"curies":[{"name":"wp","href":"https:\/\/api.w.org\/{rel}","templated":true}]}}