{"id":1202,"date":"2019-01-24T11:22:01","date_gmt":"2019-01-24T11:22:01","guid":{"rendered":"https:\/\/turboideal.si\/?page_id=1202"},"modified":"2025-01-19T18:29:54","modified_gmt":"2025-01-19T18:29:54","slug":"professionelle-reinigung-der-dpf-fap-filter-und-katalysatoren","status":"publish","type":"page","link":"https:\/\/turboideal.si\/de\/professionelle-reinigung-der-dpf-fap-filter-und-katalysatoren\/","title":{"rendered":"Professionelle Reinigung der DPF-, FAP-Filter und Katalysatoren"},"content":{"rendered":"\n<div class=\"wp-block-uagb-container uagb-block-uldl3gcm alignfull uagb-is-root-container\"><div class=\"uagb-container-inner-blocks-wrap\">\n<div class=\"wp-block-uagb-info-box uagb-block-ipdp4xzm uagb-infobox__content-wrap  uagb-infobox-icon-above-title uagb-infobox-image-valign-top\"><div class=\"uagb-ifb-content\"><div class=\"uagb-ifb-title-wrap\"><h1 class=\"uagb-ifb-title\">Professionelle Reinigung der DPF-, FAP-Filter und Katalysatoren<\/h1><\/div><\/div><\/div>\n<\/div><\/div>\n\n\n\n<p><\/p>\n\n\n\n<h3 class=\"wp-block-heading\">Die Bedeutung dieser Abk\u00fcrzungen:<\/h3>\n\n\n\n<p>Englisch: Diesel Particulate Filter (DPF)<\/p>\n\n\n\n<p>Franz\u00f6sisch : Filtre \u00e0 particules (FAP) de Peugeot Citro\u00ebn (PSA)<\/p>\n\n\n\n<h3 class=\"wp-block-heading\">Die beste L\u00f6sung f\u00fcr Ihren Wagen<\/h3>\n\n\n\n<ul class=\"wp-block-list\">\n<li><\/li>\n<\/ul>\n\n\n\n<ul class=\"wp-block-list\">\n<li>Filterregeneration der Last- und Personenkraftwagen f\u00fcr alle Typen der Euro-Norm 4,5 und 6<\/li>\n\n\n\n<li>Bis zu 80% m\u00f6glicher Einsparung im Vergleich zum Preis eines neuen Teils<\/li>\n\n\n\n<li>Dieselben Eigenschaften wie bei neuen Teilen<\/li>\n\n\n\n<li>Hohes Niveau der Reinigung mit faszinierendem Ergebnis und Vermessung des anf\u00e4nglichen Schmutzgrades der Filter<\/li>\n\n\n\n<li>Im Vergleich zu allen bisherigen Methoden, ist dieser Vorgang ganz sicher und setzt kein zus\u00e4tzliches \u00d6ffnen oder Schneiden der Filter voraus<\/li>\n\n\n\n<li>Dieser Vorgang beeinflusst die fabrikm\u00e4\u00dfigen Garantien der Wagenhersteller nicht<\/li>\n<\/ul>\n\n\n\n<div class=\"wp-block-uagb-container uagb-block-f6078df0 alignfull uagb-is-root-container\"><div class=\"uagb-container-inner-blocks-wrap\">\n<div class=\"wp-block-uagb-container uagb-block-357a0f7f\">\n<figure class=\"wp-block-image alignleft\"><img loading=\"lazy\" decoding=\"async\" width=\"1194\" height=\"625\" src=\"https:\/\/turboideal.si\/sr\/wp-content\/uploads\/2019\/01\/dpf1-Copy.jpg\" alt=\"\" class=\"wp-image-130\" srcset=\"https:\/\/turboideal.si\/wp-content\/uploads\/2019\/01\/dpf1-Copy.jpg 1194w, https:\/\/turboideal.si\/wp-content\/uploads\/2019\/01\/dpf1-Copy-300x157.jpg 300w, https:\/\/turboideal.si\/wp-content\/uploads\/2019\/01\/dpf1-Copy-768x402.jpg 768w, https:\/\/turboideal.si\/wp-content\/uploads\/2019\/01\/dpf1-Copy-1024x536.jpg 1024w\" sizes=\"auto, (max-width: 1194px) 100vw, 1194px\" \/><\/figure>\n<\/div>\n\n\n\n<div class=\"wp-block-uagb-container uagb-block-28c7f675\"><\/div>\n<\/div><\/div>\n\n\n\n<h3 class=\"wp-block-heading\">Filterregeneration<\/h3>\n\n\n\n<p>Immer strengere Gesetze im Bereich der Abgasenemission in die Atmposph\u00e4re haben zur Entwicklung komplexer Systeme f\u00fcr die Abgasreinigung gef\u00fchrt. Wir arbeiten allt\u00e4glich daran, noch komplexere Systeme f\u00fcr die Abgasreinigung der Wagen herzustellen, um somit die aktuellen Voraussetzungen des Weltmarkts erf\u00fcllen zu k\u00f6nnen. Die Hersteller der Reinigungs- und Regenerationsausstattung f\u00fcr DPF-, FAP-Filter und Katalysatoren haben diese Herausforedrungen angenommen, und erfanden mithilfe ihrer langj\u00e4hrigen Erfahrung ein ganz neues System der Reinigung dieser Filter.<br>Der ganze Prozess wird ohne invasiven Operationen durchgef\u00fchrt (wie z.B. Temperaturschock, Schneiden oder Zusammenschwei\u00dfen), was den Bestand der urspr\u00fcnglichen chemisch-physischen Eigenschaften der Filter gew\u00e4hrleistet. Sogar bei der Wiederholung dieser Vorg\u00e4nge erm\u00f6glicht Ihnen diese Technologie die maximale Effektivit\u00e4t, nachdem die behandelten Filter ohne irgendwelche Sch\u00e4den wie ganz neu weiterfunktionieren k\u00f6nnen.<br>Wir sind Besitzer der modernsten Ausstattung f\u00fcr DPF- und FAP-Filterreinigung sowohl f\u00fcr LKWs als auch f\u00fcr PKWs. Mit R\u00fccksicht auf die Tatsache, dass bei dieser Prozedur die Filter nicht geschnitten oder ge\u00f6ffnet werden, \u00fcbt das Ganze keinen Einfluss auf die G\u00fcltigkeit der Garantie aus.<br>Die Ausstattung funktioniert nach dem Prinzip der Pulswellen in der Kombination mit Wasser und Chemie unter Druck. Hundertprozentig umweltfreundliche Art der Reinigung. Die Reinigung mit unserer Ausstattung ist viel effektiver als alle anderen chemischen Vorg\u00e4nge, nach denen Schmutz und Dreck noch schneller zur\u00fcckkommen.<\/p>\n\n\n\n<figure class=\"wp-block-image\"><img decoding=\"async\" src=\"https:\/\/turboideal.si\/sr\/wp-content\/uploads\/2019\/10\/2.jpg\" alt=\"\" class=\"wp-image-161\"\/><\/figure>\n\n\n\n<h3 class=\"wp-block-heading\">Schritte bei der Reinigung und Regeneration der DPF-, FAP- Filter und Katalysatoren<\/h3>\n\n\n\n<ul class=\"wp-block-list\">\n<li><\/li>\n<\/ul>\n\n\n\n<ul class=\"wp-block-list\">\n<li>Visuelle Untersuchung und Aufnahme der innerlichen Seiten der Filter<\/li>\n\n\n\n<li>Test des Schmutzgrades und Erhaltung der Resultate in gedruckter Form<\/li>\n\n\n\n<li>Reinigung und Regeneration der DPF-, FAP-Filter und Katalysatoren<\/li>\n\n\n\n<li>Trocknen<\/li>\n\n\n\n<li>Test des Sauberkeitsgrades und Erhaltung der Resultate in gedruckter Form<\/li>\n\n\n\n<li>Verpackung und Abfertigung<\/li>\n<\/ul>\n\n\n\n<h3 class=\"wp-block-heading\">Die Folgen der dauerhaften Entfernung oder unprofesionellen Reinigung der Filter<\/h3>\n\n\n\n<p>Soll man die DPF-Filter dauerhaft entfernen?<br>In naher Zukunft erwartet man die Einf\u00fchrung eines neues Gesetzes, nach dem die Wagen mit entferten DPF-Filtern nicht registriert werden k\u00f6nnen.<br>Reinigung der DPF-Dieselpartikelfilter kostet weniger als deren Entfernung und Softwareausschaltung.<br>Wagen ohne DPF-Filter verschmutzen die Umwelt.<\/p>\n\n\n\n<p>Sowohl am Filter selbst als auch in seiner N\u00e4he gibt es eine Menge Sonden, die man nach der physischen Entfernung des DPF-Filters auch am Computer deaktivieren muss, sodass sie keine Informationen mehr bekommen k\u00f6nnen.<br>Obwohl es viele Firmen mit diesen Dienstleistungen gibt, k\u00f6nnen nur manche von ihnen den Filter problemlos und ohne Motorsch\u00e4den entfernen.<br>Anhand unserer langj\u00e4hrigen Erfahrung konnten wir feststellen, dass die Entfernung der DPF- und FAP-Filter bei vielen Wagen zu schweren Sch\u00e4digungen und teuren Reparaturen f\u00fchrte.<br>Ohne diesen Filter erf\u00fcllt Ihr Wagen die Kriterien der Euro-Norm nicht und darf daher in vielen europ\u00e4ischen L\u00e4ndern nicht gefahren werden.<\/p>\n\n\n\n<h3 class=\"wp-block-heading\">Unprofessionelle Entfernung und Ausschaltung der DPF-Filter kann Folgendes verursachen:<\/h3>\n\n\n\n<ul class=\"wp-block-list\">\n<li><\/li>\n<\/ul>\n\n\n\n<ul class=\"wp-block-list\">\n<li>Sch\u00e4digung der Turbokompressoren und Motoren<\/li>\n\n\n\n<li>Turboloch \u2013 Versp\u00e4tung der Motorkraftlieferung bei niedriger Geschwindigkeit<\/li>\n\n\n\n<li>Die gesamte Reduzierung der Motorkraft<\/li>\n\n\n\n<li>Hohe Abgastemperaturen<\/li>\n\n\n\n<li>Erh\u00f6hung der Toxizit\u00e4t der Abgase<\/li>\n\n\n\n<li>Reduzierung der Motorausdauer<\/li>\n<\/ul>\n","protected":false},"excerpt":{"rendered":"<p>Die Bedeutung dieser Abk\u00fcrzungen: Englisch: Diesel Particulate Filter (DPF) Franz\u00f6sisch : Filtre \u00e0 particules (FAP) de Peugeot Citro\u00ebn (PSA) Die beste L\u00f6sung f\u00fcr Ihren Wagen Filterregeneration Immer strengere Gesetze im Bereich der Abgasenemission in die Atmposph\u00e4re haben zur Entwicklung komplexer Systeme f\u00fcr die Abgasreinigung gef\u00fchrt. Wir arbeiten allt\u00e4glich daran, noch komplexere Systeme f\u00fcr die Abgasreinigung [&hellip;]<\/p>\n","protected":false},"author":1,"featured_media":0,"parent":0,"menu_order":0,"comment_status":"closed","ping_status":"closed","template":"","meta":{"_siteseo_robots_primary_cat":"","_uag_custom_page_level_css":"","site-sidebar-layout":"default","site-content-layout":"","ast-site-content-layout":"default","site-content-style":"default","site-sidebar-style":"default","ast-global-header-display":"","ast-banner-title-visibility":"","ast-main-header-display":"","ast-hfb-above-header-display":"","ast-hfb-below-header-display":"","ast-hfb-mobile-header-display":"","site-post-title":"","ast-breadcrumbs-content":"","ast-featured-img":"","footer-sml-layout":"","theme-transparent-header-meta":"","adv-header-id-meta":"","stick-header-meta":"","header-above-stick-meta":"","header-main-stick-meta":"","header-below-stick-meta":"","astra-migrate-meta-layouts":"set","ast-page-background-enabled":"default","ast-page-background-meta":{"desktop":{"background-color":"var(--ast-global-color-4)","background-image":"","background-repeat":"repeat","background-position":"center center","background-size":"auto","background-attachment":"scroll","background-type":"","background-media":"","overlay-type":"","overlay-color":"","overlay-opacity":"","overlay-gradient":""},"tablet":{"background-color":"","background-image":"","background-repeat":"repeat","background-position":"center center","background-size":"auto","background-attachment":"scroll","background-type":"","background-media":"","overlay-type":"","overlay-color":"","overlay-opacity":"","overlay-gradient":""},"mobile":{"background-color":"","background-image":"","background-repeat":"repeat","background-position":"center center","background-size":"auto","background-attachment":"scroll","background-type":"","background-media":"","overlay-type":"","overlay-color":"","overlay-opacity":"","overlay-gradient":""}},"ast-content-background-meta":{"desktop":{"background-color":"var(--ast-global-color-5)","background-image":"","background-repeat":"repeat","background-position":"center center","background-size":"auto","background-attachment":"scroll","background-type":"","background-media":"","overlay-type":"","overlay-color":"","overlay-opacity":"","overlay-gradient":""},"tablet":{"background-color":"var(--ast-global-color-5)","background-image":"","background-repeat":"repeat","background-position":"center center","background-size":"auto","background-attachment":"scroll","background-type":"","background-media":"","overlay-type":"","overlay-color":"","overlay-opacity":"","overlay-gradient":""},"mobile":{"background-color":"var(--ast-global-color-5)","background-image":"","background-repeat":"repeat","background-position":"center center","background-size":"auto","background-attachment":"scroll","background-type":"","background-media":"","overlay-type":"","overlay-color":"","overlay-opacity":"","overlay-gradient":""}},"footnotes":""},"class_list":["post-1202","page","type-page","status-publish","hentry"],"uagb_featured_image_src":{"full":false,"thumbnail":false,"medium":false,"medium_large":false,"large":false,"1536x1536":false,"2048x2048":false},"uagb_author_info":{"display_name":"j.bojan","author_link":"https:\/\/turboideal.si\/de\/author\/j-bojan\/"},"uagb_comment_info":0,"uagb_excerpt":"Die Bedeutung dieser Abk\u00fcrzungen: Englisch: Diesel Particulate Filter (DPF) Franz\u00f6sisch : Filtre \u00e0 particules (FAP) de Peugeot Citro\u00ebn (PSA) Die beste L\u00f6sung f\u00fcr Ihren Wagen Filterregeneration Immer strengere Gesetze im Bereich der Abgasenemission in die Atmposph\u00e4re haben zur Entwicklung komplexer Systeme f\u00fcr die Abgasreinigung gef\u00fchrt. Wir arbeiten allt\u00e4glich daran, noch komplexere Systeme f\u00fcr die Abgasreinigung&hellip;","_links":{"self":[{"href":"https:\/\/turboideal.si\/de\/wp-json\/wp\/v2\/pages\/1202","targetHints":{"allow":["GET"]}}],"collection":[{"href":"https:\/\/turboideal.si\/de\/wp-json\/wp\/v2\/pages"}],"about":[{"href":"https:\/\/turboideal.si\/de\/wp-json\/wp\/v2\/types\/page"}],"author":[{"embeddable":true,"href":"https:\/\/turboideal.si\/de\/wp-json\/wp\/v2\/users\/1"}],"replies":[{"embeddable":true,"href":"https:\/\/turboideal.si\/de\/wp-json\/wp\/v2\/comments?post=1202"}],"version-history":[{"count":2,"href":"https:\/\/turboideal.si\/de\/wp-json\/wp\/v2\/pages\/1202\/revisions"}],"predecessor-version":[{"id":1213,"href":"https:\/\/turboideal.si\/de\/wp-json\/wp\/v2\/pages\/1202\/revisions\/1213"}],"wp:attachment":[{"href":"https:\/\/turboideal.si\/de\/wp-json\/wp\/v2\/media?parent=1202"}],"curies":[{"name":"wp","href":"https:\/\/api.w.org\/{rel}","templated":true}]}}