{"id":1198,"date":"2019-01-24T19:35:31","date_gmt":"2019-01-24T19:35:31","guid":{"rendered":"https:\/\/turboideal.si\/?page_id=1198"},"modified":"2025-01-19T11:09:40","modified_gmt":"2025-01-19T11:09:40","slug":"turbokompressor-und-ladeluftkuehlerschlaeuche","status":"publish","type":"page","link":"https:\/\/turboideal.si\/de\/turbokompressor-und-ladeluftkuehlerschlaeuche\/","title":{"rendered":"Turbokompressor- und Ladeluftk\u00fchlerschl\u00e4uche"},"content":{"rendered":"\n<div class=\"wp-block-uagb-container uagb-block-uldl3gcm alignfull uagb-is-root-container\"><div class=\"uagb-container-inner-blocks-wrap\">\n<div class=\"wp-block-uagb-info-box uagb-block-ipdp4xzm uagb-infobox__content-wrap  uagb-infobox-icon-above-title uagb-infobox-image-valign-top\"><div class=\"uagb-ifb-content\"><div class=\"uagb-ifb-title-wrap\"><h1 class=\"uagb-ifb-title\">Turbokompressor- und Ladeluftk\u00fchlerschl\u00e4uche<\/h1><\/div><\/div><\/div>\n<\/div><\/div>\n\n\n\n<p><\/p>\n\n\n\n<p>Das Unternehmen Turbo Ideal hat ein breites Angebot und gro\u00dfes Sortiment der Turbokompressor- und Ladeluftk\u00fchlerschl\u00e4uche f\u00fcr alle Typen der Last- und Personenkraftwagen.<\/p>\n\n\n\n<p>Diese Produkte k\u00f6nnen auf dem Markt unter dem Namen TURBO IDEAL \u2013 TURBOSCHL\u00c4UCHE gefunden werden.<\/p>\n\n\n\n<p>Die sind von hoher Qualit\u00e4t und wurden nach den W\u00fcnschen unserer Kunden aus verschiedenen Materialien gemacht, und zwar aus Silikon, Gummi oder Plastik. Unsere Produkte wurden nach OEM-Dimensionen hergestellt und sind nach dem Katalog bei allen standardisierten Wagentypen zu benutzen. Unser regelm\u00e4\u00dfiges Angebot beinhaltet gro\u00dfe Auswahl an Schl\u00e4uchen, wir sind aber auch in der Lage, Schl\u00e4uche nach Ihren W\u00fcnschen herzustellen. Daf\u00fcr ist es nur n\u00f6tig, uns ein gew\u00fcnschtes Schlauchmuster zu schicken.<br>Das gesamte Angebot k\u00f6nnen Sie auf der Webseite www.turbocevi.si sehen.<\/p>\n\n\n\n<p>Man kann ein Produkt finden, indem man die Wagenmarke oder OEM-Schlauchnummer eingibt. Falls Sie das von Ihnen gew\u00fcnschte Produkt nicht finden k\u00f6nnen, kontaktieren Sie uns und wir werden Ihnen gerne bei der Suche helfen. F\u00fcr alle zus\u00e4tzliche Informationen k\u00f6nnen Sie uns Fragen direkt vom Onlinekatalog stellen.<\/p>\n\n\n\n<div class=\"wp-block-uagb-container uagb-block-9243c25b alignfull uagb-is-root-container\"><div class=\"uagb-container-inner-blocks-wrap\">\n<div class=\"wp-block-uagb-container uagb-block-fba9bbaa\">\n<figure class=\"wp-block-image\"><a href=\"https:\/\/turbocevi.si\/\" target=\"_blank\" rel=\"noreferrer noopener\"><img loading=\"lazy\" decoding=\"async\" width=\"1280\" height=\"904\" src=\"https:\/\/turboideal.si\/sr\/wp-content\/uploads\/2019\/01\/Cevi-banner.jpg\" alt=\"\" class=\"wp-image-148\" srcset=\"https:\/\/turboideal.si\/wp-content\/uploads\/2019\/01\/Cevi-banner.jpg 1280w, https:\/\/turboideal.si\/wp-content\/uploads\/2019\/01\/Cevi-banner-300x212.jpg 300w, https:\/\/turboideal.si\/wp-content\/uploads\/2019\/01\/Cevi-banner-768x542.jpg 768w, https:\/\/turboideal.si\/wp-content\/uploads\/2019\/01\/Cevi-banner-1024x723.jpg 1024w\" sizes=\"auto, (max-width: 1280px) 100vw, 1280px\" \/><\/a><\/figure>\n<\/div>\n\n\n\n<div class=\"wp-block-uagb-container uagb-block-dce2b49c\"><\/div>\n<\/div><\/div>\n\n\n\n<p><strong>ANMERKUNG:<br><\/strong>Alle unsere Produkte sind f\u00fcr standardisierte Wagentypen mit fabrikm\u00e4\u00dfigen Performanzen vorgesehen. Die Produkte sind nicht f\u00fcr die Benutzung bei modifizierten und wiederaufbereiteten Wagen geeignet. Dies betrifft auch Wagen, bei denen irgendwelche Mechanik- oder Softwaremodifikationen im Sinne von Erh\u00f6hung der Motorkraft oder \u00c4nliches durchgef\u00fchrt wurden.<\/p>\n\n\n\n<p><\/p>\n","protected":false},"excerpt":{"rendered":"<p>Das Unternehmen Turbo Ideal hat ein breites Angebot und gro\u00dfes Sortiment der Turbokompressor- und Ladeluftk\u00fchlerschl\u00e4uche f\u00fcr alle Typen der Last- und Personenkraftwagen. Diese Produkte k\u00f6nnen auf dem Markt unter dem Namen TURBO IDEAL \u2013 TURBOSCHL\u00c4UCHE gefunden werden. Die sind von hoher Qualit\u00e4t und wurden nach den W\u00fcnschen unserer Kunden aus verschiedenen Materialien gemacht, und zwar [&hellip;]<\/p>\n","protected":false},"author":1,"featured_media":0,"parent":0,"menu_order":0,"comment_status":"closed","ping_status":"closed","template":"","meta":{"_siteseo_robots_primary_cat":"","_uag_custom_page_level_css":"","site-sidebar-layout":"default","site-content-layout":"","ast-site-content-layout":"default","site-content-style":"default","site-sidebar-style":"default","ast-global-header-display":"","ast-banner-title-visibility":"","ast-main-header-display":"","ast-hfb-above-header-display":"","ast-hfb-below-header-display":"","ast-hfb-mobile-header-display":"","site-post-title":"","ast-breadcrumbs-content":"","ast-featured-img":"","footer-sml-layout":"","theme-transparent-header-meta":"","adv-header-id-meta":"","stick-header-meta":"","header-above-stick-meta":"","header-main-stick-meta":"","header-below-stick-meta":"","astra-migrate-meta-layouts":"set","ast-page-background-enabled":"default","ast-page-background-meta":{"desktop":{"background-color":"var(--ast-global-color-4)","background-image":"","background-repeat":"repeat","background-position":"center center","background-size":"auto","background-attachment":"scroll","background-type":"","background-media":"","overlay-type":"","overlay-color":"","overlay-opacity":"","overlay-gradient":""},"tablet":{"background-color":"","background-image":"","background-repeat":"repeat","background-position":"center center","background-size":"auto","background-attachment":"scroll","background-type":"","background-media":"","overlay-type":"","overlay-color":"","overlay-opacity":"","overlay-gradient":""},"mobile":{"background-color":"","background-image":"","background-repeat":"repeat","background-position":"center center","background-size":"auto","background-attachment":"scroll","background-type":"","background-media":"","overlay-type":"","overlay-color":"","overlay-opacity":"","overlay-gradient":""}},"ast-content-background-meta":{"desktop":{"background-color":"var(--ast-global-color-5)","background-image":"","background-repeat":"repeat","background-position":"center center","background-size":"auto","background-attachment":"scroll","background-type":"","background-media":"","overlay-type":"","overlay-color":"","overlay-opacity":"","overlay-gradient":""},"tablet":{"background-color":"var(--ast-global-color-5)","background-image":"","background-repeat":"repeat","background-position":"center center","background-size":"auto","background-attachment":"scroll","background-type":"","background-media":"","overlay-type":"","overlay-color":"","overlay-opacity":"","overlay-gradient":""},"mobile":{"background-color":"var(--ast-global-color-5)","background-image":"","background-repeat":"repeat","background-position":"center center","background-size":"auto","background-attachment":"scroll","background-type":"","background-media":"","overlay-type":"","overlay-color":"","overlay-opacity":"","overlay-gradient":""}},"footnotes":""},"class_list":["post-1198","page","type-page","status-publish","hentry"],"uagb_featured_image_src":{"full":false,"thumbnail":false,"medium":false,"medium_large":false,"large":false,"1536x1536":false,"2048x2048":false},"uagb_author_info":{"display_name":"j.bojan","author_link":"https:\/\/turboideal.si\/de\/author\/j-bojan\/"},"uagb_comment_info":0,"uagb_excerpt":"Das Unternehmen Turbo Ideal hat ein breites Angebot und gro\u00dfes Sortiment der Turbokompressor- und Ladeluftk\u00fchlerschl\u00e4uche f\u00fcr alle Typen der Last- und Personenkraftwagen. Diese Produkte k\u00f6nnen auf dem Markt unter dem Namen TURBO IDEAL \u2013 TURBOSCHL\u00c4UCHE gefunden werden. Die sind von hoher Qualit\u00e4t und wurden nach den W\u00fcnschen unserer Kunden aus verschiedenen Materialien gemacht, und zwar&hellip;","_links":{"self":[{"href":"https:\/\/turboideal.si\/de\/wp-json\/wp\/v2\/pages\/1198","targetHints":{"allow":["GET"]}}],"collection":[{"href":"https:\/\/turboideal.si\/de\/wp-json\/wp\/v2\/pages"}],"about":[{"href":"https:\/\/turboideal.si\/de\/wp-json\/wp\/v2\/types\/page"}],"author":[{"embeddable":true,"href":"https:\/\/turboideal.si\/de\/wp-json\/wp\/v2\/users\/1"}],"replies":[{"embeddable":true,"href":"https:\/\/turboideal.si\/de\/wp-json\/wp\/v2\/comments?post=1198"}],"version-history":[{"count":1,"href":"https:\/\/turboideal.si\/de\/wp-json\/wp\/v2\/pages\/1198\/revisions"}],"predecessor-version":[{"id":1199,"href":"https:\/\/turboideal.si\/de\/wp-json\/wp\/v2\/pages\/1198\/revisions\/1199"}],"wp:attachment":[{"href":"https:\/\/turboideal.si\/de\/wp-json\/wp\/v2\/media?parent=1198"}],"curies":[{"name":"wp","href":"https:\/\/api.w.org\/{rel}","templated":true}]}}