{"id":1194,"date":"2019-01-24T11:18:18","date_gmt":"2019-01-24T11:18:18","guid":{"rendered":"https:\/\/turboideal.si\/?page_id=1194"},"modified":"2025-01-19T11:05:48","modified_gmt":"2025-01-19T11:05:48","slug":"maschinen-und-ausstattung-fuer-turbokompressorreparaturen","status":"publish","type":"page","link":"https:\/\/turboideal.si\/de\/maschinen-und-ausstattung-fuer-turbokompressorreparaturen\/","title":{"rendered":"Maschinen und Ausstattung f\u00fcr Turbokompressorreparaturen"},"content":{"rendered":"\n<div class=\"wp-block-uagb-container uagb-block-uldl3gcm alignfull uagb-is-root-container\"><div class=\"uagb-container-inner-blocks-wrap\">\n<div class=\"wp-block-uagb-info-box uagb-block-ipdp4xzm uagb-infobox__content-wrap  uagb-infobox-icon-above-title uagb-infobox-image-valign-top\"><div class=\"uagb-ifb-content\"><div class=\"uagb-ifb-title-wrap\"><h1 class=\"uagb-ifb-title\">Maschinen und Ausstattung f\u00fcr Turbokompressorreparaturen<\/h1><\/div><\/div><\/div>\n<\/div><\/div>\n\n\n\n<p><\/p>\n\n\n\n<p>Das Unternehmen Turbo Ideal besch\u00e4ftigt sich seit dem Anfang mit der Entwicklung und der Herstellung der Ausstattung, Werkzeuge und Maschinen f\u00fcr Turbokompressorreparaturen von hoher Qualit\u00e4t. Unsere Firma ist auch Vertreter und Versorger mehrerer Weltfirmen, die sich auch mit der Herstellung von Ausstattung und Werkzeugen f\u00fcr Reparaturen und Testen elektronischer Ladedruckdosen bei Turbokompressoren besch\u00e4ftigt. Unser Angebot beinhaltet die komplette Entwicklung und Herstellung aller n\u00f6tigen Maschinen f\u00fcr T\u00e4tigkeiten der Turboladermechaniker. In unserem Programm finden Sie sowohl Maschinen f\u00fcr Balancieren der Turbokompressoren und deren Teile und Maschinen f\u00fcr die Abgasstromeinstellung, als auch zahlreiche Werkzeuge und Ger\u00e4te f\u00fcr das Testen der Funktion elektronischer und mechanischer Ladedruckdosen bei Turbokompressoren.<\/p>\n\n\n\n<p>Turbokompressoren besch\u00e4ftigt. Unser Angebot beinhaltet die komplette Entwicklung und Herstellung aller n\u00f6tigen Maschinen f\u00fcr T\u00e4tigkeiten der Turboladermechaniker. In unserem Programm finden Sie sowohl Maschinen f\u00fcr Balancieren der Turbokompressoren und deren Teile und Maschinen f\u00fcr die Abgasstromeinstellung, als auch zahlreiche Werkzeuge und Ger\u00e4te f\u00fcr das Testen der Funktion elektronischer und mechanischer Ladedruckdosen bei Turbokompressoren.<\/p>\n\n\n\n<h3 class=\"wp-block-heading\">Neben Ersatzteile f\u00fcr Turbokompressoren k\u00f6nnen Sie bei uns auch Folgendes finden:<\/h3>\n\n\n\n<h4 class=\"wp-block-heading\">1.Maschinen f\u00fcr Balancieren<\/h4>\n\n\n\n<ul class=\"wp-block-list\">\n<li>Maschinen f\u00fcr Balancieren der Turbokompressorteile (Verdichterrad und L\u00e4uferwelle)<\/li>\n\n\n\n<li>Maschinen f\u00fcr Balancieren der zentralen Schaltung der Turbokompressoren (CHRA)<\/li>\n\n\n\n<li>Testentische und Kombomaschinen<\/li>\n<\/ul>\n\n\n\n<div class=\"wp-block-uagb-container uagb-block-86717665 alignfull uagb-is-root-container\"><div class=\"uagb-container-inner-blocks-wrap\">\n<div class=\"wp-block-uagb-container uagb-block-daecc9ff\">\n<figure class=\"wp-block-image\"><img loading=\"lazy\" decoding=\"async\" width=\"1280\" height=\"895\" src=\"https:\/\/turboideal.si\/sr\/wp-content\/uploads\/2019\/01\/TM-B.png\" alt=\"\" class=\"wp-image-120\" srcset=\"https:\/\/turboideal.si\/wp-content\/uploads\/2019\/01\/TM-B.png 1280w, https:\/\/turboideal.si\/wp-content\/uploads\/2019\/01\/TM-B-300x210.png 300w, https:\/\/turboideal.si\/wp-content\/uploads\/2019\/01\/TM-B-768x537.png 768w, https:\/\/turboideal.si\/wp-content\/uploads\/2019\/01\/TM-B-1024x716.png 1024w\" sizes=\"auto, (max-width: 1280px) 100vw, 1280px\" \/><\/figure>\n<\/div>\n\n\n\n<div class=\"wp-block-uagb-container uagb-block-5c2764d8\"><\/div>\n<\/div><\/div>\n\n\n\n<h4 class=\"wp-block-heading\">2.Maschinen f\u00fcr die Einstellung des Abgasstroms bei Turbokompressoren<\/h4>\n\n\n\n<ul class=\"wp-block-list\">\n<li>VNT MASTER<\/li>\n<\/ul>\n\n\n\n<div class=\"wp-block-uagb-container uagb-block-bdd0c667 alignfull uagb-is-root-container\"><div class=\"uagb-container-inner-blocks-wrap\">\n<div class=\"wp-block-uagb-container uagb-block-f74aa16a\">\n<figure class=\"wp-block-image\"><img loading=\"lazy\" decoding=\"async\" width=\"1280\" height=\"852\" src=\"https:\/\/turboideal.si\/sr\/wp-content\/uploads\/2019\/01\/TM-A.jpg\" alt=\"\" class=\"wp-image-119\" srcset=\"https:\/\/turboideal.si\/wp-content\/uploads\/2019\/01\/TM-A.jpg 1280w, https:\/\/turboideal.si\/wp-content\/uploads\/2019\/01\/TM-A-300x200.jpg 300w, https:\/\/turboideal.si\/wp-content\/uploads\/2019\/01\/TM-A-768x511.jpg 768w, https:\/\/turboideal.si\/wp-content\/uploads\/2019\/01\/TM-A-1024x682.jpg 1024w\" sizes=\"auto, (max-width: 1280px) 100vw, 1280px\" \/><\/figure>\n<\/div>\n\n\n\n<div class=\"wp-block-uagb-container uagb-block-0bc5d267\"><\/div>\n<\/div><\/div>\n\n\n\n<h4 class=\"wp-block-heading\">3.Ger\u00e4te f\u00fcr das Testen und Programmieren der Ladedruckdosen<\/h4>\n\n\n\n<ul class=\"wp-block-list\">\n<li>Ger\u00e4te f\u00fcr das Testen elektronischer Ladedruckdosen<\/li>\n\n\n\n<li>Ger\u00e4te f\u00fcr das Programmieren elektronischer Ladedruckdosen<\/li>\n\n\n\n<li>Kombinierte Ger\u00e4te ALL IN ONE<\/li>\n<\/ul>\n\n\n\n<p><\/p>\n\n\n\n<div class=\"wp-block-uagb-container uagb-block-2163bb50 alignfull uagb-is-root-container\"><div class=\"uagb-container-inner-blocks-wrap\">\n<div class=\"wp-block-uagb-container uagb-block-ba58a51c\">\n<figure class=\"wp-block-image size-large\"><img loading=\"lazy\" decoding=\"async\" width=\"1024\" height=\"305\" src=\"https:\/\/turboideal.si\/wp-content\/uploads\/2019\/01\/Testeri-1024x305.jpg\" alt=\"\" class=\"wp-image-730\" srcset=\"https:\/\/turboideal.si\/wp-content\/uploads\/2019\/01\/Testeri-1024x305.jpg 1024w, https:\/\/turboideal.si\/wp-content\/uploads\/2019\/01\/Testeri-300x89.jpg 300w, https:\/\/turboideal.si\/wp-content\/uploads\/2019\/01\/Testeri-768x229.jpg 768w, https:\/\/turboideal.si\/wp-content\/uploads\/2019\/01\/Testeri.jpg 1280w\" sizes=\"auto, (max-width: 1024px) 100vw, 1024px\" \/><\/figure>\n<\/div>\n\n\n\n<div class=\"wp-block-uagb-container uagb-block-992885c6\"><\/div>\n<\/div><\/div>\n\n\n\n<h3 class=\"wp-block-heading\">4.Besondere Werkzeuge f\u00fcr Turbokompressorreparaturen<\/h3>\n\n\n\n<div class=\"wp-block-uagb-container uagb-block-acd021d9 alignfull uagb-is-root-container\"><div class=\"uagb-container-inner-blocks-wrap\">\n<div class=\"wp-block-uagb-container uagb-block-ebe27346\">\n<figure class=\"wp-block-image\"><img loading=\"lazy\" decoding=\"async\" width=\"1280\" height=\"639\" src=\"https:\/\/turboideal.si\/sr\/wp-content\/uploads\/2019\/01\/alati.jpg\" alt=\"\" class=\"wp-image-126\" srcset=\"https:\/\/turboideal.si\/wp-content\/uploads\/2019\/01\/alati.jpg 1280w, https:\/\/turboideal.si\/wp-content\/uploads\/2019\/01\/alati-300x150.jpg 300w, https:\/\/turboideal.si\/wp-content\/uploads\/2019\/01\/alati-768x383.jpg 768w, https:\/\/turboideal.si\/wp-content\/uploads\/2019\/01\/alati-1024x511.jpg 1024w\" sizes=\"auto, (max-width: 1280px) 100vw, 1280px\" \/><\/figure>\n<\/div>\n\n\n\n<div class=\"wp-block-uagb-container uagb-block-345f9c3e\"><\/div>\n<\/div><\/div>\n\n\n\n<p><\/p>\n","protected":false},"excerpt":{"rendered":"<p>Das Unternehmen Turbo Ideal besch\u00e4ftigt sich seit dem Anfang mit der Entwicklung und der Herstellung der Ausstattung, Werkzeuge und Maschinen f\u00fcr Turbokompressorreparaturen von hoher Qualit\u00e4t. Unsere Firma ist auch Vertreter und Versorger mehrerer Weltfirmen, die sich auch mit der Herstellung von Ausstattung und Werkzeugen f\u00fcr Reparaturen und Testen elektronischer Ladedruckdosen bei Turbokompressoren besch\u00e4ftigt. Unser Angebot [&hellip;]<\/p>\n","protected":false},"author":1,"featured_media":648,"parent":0,"menu_order":0,"comment_status":"closed","ping_status":"closed","template":"","meta":{"_siteseo_robots_primary_cat":"","_uag_custom_page_level_css":"","site-sidebar-layout":"default","site-content-layout":"","ast-site-content-layout":"default","site-content-style":"default","site-sidebar-style":"default","ast-global-header-display":"","ast-banner-title-visibility":"","ast-main-header-display":"","ast-hfb-above-header-display":"","ast-hfb-below-header-display":"","ast-hfb-mobile-header-display":"","site-post-title":"","ast-breadcrumbs-content":"","ast-featured-img":"","footer-sml-layout":"","theme-transparent-header-meta":"","adv-header-id-meta":"","stick-header-meta":"","header-above-stick-meta":"","header-main-stick-meta":"","header-below-stick-meta":"","astra-migrate-meta-layouts":"set","ast-page-background-enabled":"default","ast-page-background-meta":{"desktop":{"background-color":"var(--ast-global-color-4)","background-image":"","background-repeat":"repeat","background-position":"center center","background-size":"auto","background-attachment":"scroll","background-type":"","background-media":"","overlay-type":"","overlay-color":"","overlay-opacity":"","overlay-gradient":""},"tablet":{"background-color":"","background-image":"","background-repeat":"repeat","background-position":"center center","background-size":"auto","background-attachment":"scroll","background-type":"","background-media":"","overlay-type":"","overlay-color":"","overlay-opacity":"","overlay-gradient":""},"mobile":{"background-color":"","background-image":"","background-repeat":"repeat","background-position":"center center","background-size":"auto","background-attachment":"scroll","background-type":"","background-media":"","overlay-type":"","overlay-color":"","overlay-opacity":"","overlay-gradient":""}},"ast-content-background-meta":{"desktop":{"background-color":"var(--ast-global-color-5)","background-image":"","background-repeat":"repeat","background-position":"center center","background-size":"auto","background-attachment":"scroll","background-type":"","background-media":"","overlay-type":"","overlay-color":"","overlay-opacity":"","overlay-gradient":""},"tablet":{"background-color":"var(--ast-global-color-5)","background-image":"","background-repeat":"repeat","background-position":"center center","background-size":"auto","background-attachment":"scroll","background-type":"","background-media":"","overlay-type":"","overlay-color":"","overlay-opacity":"","overlay-gradient":""},"mobile":{"background-color":"var(--ast-global-color-5)","background-image":"","background-repeat":"repeat","background-position":"center center","background-size":"auto","background-attachment":"scroll","background-type":"","background-media":"","overlay-type":"","overlay-color":"","overlay-opacity":"","overlay-gradient":""}},"footnotes":""},"class_list":["post-1194","page","type-page","status-publish","has-post-thumbnail","hentry"],"uagb_featured_image_src":{"full":["https:\/\/turboideal.si\/wp-content\/uploads\/2019\/01\/hala.jpg",1600,794,false],"thumbnail":["https:\/\/turboideal.si\/wp-content\/uploads\/2019\/01\/hala-150x150.jpg",150,150,true],"medium":["https:\/\/turboideal.si\/wp-content\/uploads\/2019\/01\/hala-300x149.jpg",300,149,true],"medium_large":["https:\/\/turboideal.si\/wp-content\/uploads\/2019\/01\/hala-768x381.jpg",768,381,true],"large":["https:\/\/turboideal.si\/wp-content\/uploads\/2019\/01\/hala-1024x508.jpg",1024,508,true],"1536x1536":["https:\/\/turboideal.si\/wp-content\/uploads\/2019\/01\/hala.jpg",1536,762,false],"2048x2048":["https:\/\/turboideal.si\/wp-content\/uploads\/2019\/01\/hala.jpg",1600,794,false]},"uagb_author_info":{"display_name":"j.bojan","author_link":"https:\/\/turboideal.si\/de\/author\/j-bojan\/"},"uagb_comment_info":0,"uagb_excerpt":"Das Unternehmen Turbo Ideal besch\u00e4ftigt sich seit dem Anfang mit der Entwicklung und der Herstellung der Ausstattung, Werkzeuge und Maschinen f\u00fcr Turbokompressorreparaturen von hoher Qualit\u00e4t. Unsere Firma ist auch Vertreter und Versorger mehrerer Weltfirmen, die sich auch mit der Herstellung von Ausstattung und Werkzeugen f\u00fcr Reparaturen und Testen elektronischer Ladedruckdosen bei Turbokompressoren besch\u00e4ftigt. Unser Angebot&hellip;","_links":{"self":[{"href":"https:\/\/turboideal.si\/de\/wp-json\/wp\/v2\/pages\/1194","targetHints":{"allow":["GET"]}}],"collection":[{"href":"https:\/\/turboideal.si\/de\/wp-json\/wp\/v2\/pages"}],"about":[{"href":"https:\/\/turboideal.si\/de\/wp-json\/wp\/v2\/types\/page"}],"author":[{"embeddable":true,"href":"https:\/\/turboideal.si\/de\/wp-json\/wp\/v2\/users\/1"}],"replies":[{"embeddable":true,"href":"https:\/\/turboideal.si\/de\/wp-json\/wp\/v2\/comments?post=1194"}],"version-history":[{"count":2,"href":"https:\/\/turboideal.si\/de\/wp-json\/wp\/v2\/pages\/1194\/revisions"}],"predecessor-version":[{"id":1197,"href":"https:\/\/turboideal.si\/de\/wp-json\/wp\/v2\/pages\/1194\/revisions\/1197"}],"wp:featuredmedia":[{"embeddable":true,"href":"https:\/\/turboideal.si\/de\/wp-json\/wp\/v2\/media\/648"}],"wp:attachment":[{"href":"https:\/\/turboideal.si\/de\/wp-json\/wp\/v2\/media?parent=1194"}],"curies":[{"name":"wp","href":"https:\/\/api.w.org\/{rel}","templated":true}]}}